{"id":505,"date":"2025-09-01T09:54:53","date_gmt":"2025-09-01T07:54:53","guid":{"rendered":"https:\/\/summerdyingloud.pl\/?page_id=505"},"modified":"2025-09-01T09:54:53","modified_gmt":"2025-09-01T07:54:53","slug":"faq","status":"publish","type":"page","link":"https:\/\/summerdyingloud.pl\/index.php\/faq\/","title":{"rendered":"FAQ"},"content":{"rendered":"\n<p><strong>CZY TRZEBA KUPI\u0106 BILET DLA DZIECKA?<\/strong><\/p>\n\n\n\n<p>Dzieci do trzynastego roku \u017cycia wchodz\u0105 bez biletu, pod opiek\u0105 doros\u0142ego posiadaj\u0105cego bilet.&nbsp;<\/p>\n\n\n\n<p><strong>CZY MO\u017bNA ZWR\u00d3CI\u0106 BILET?<\/strong><\/p>\n\n\n\n<p>Nie. Dystrybucj\u0105 bilet\u00f3w zajmuje si\u0119 bileteria e-bilet, kt\u00f3ra nie przewiduje takiej mo\u017cliwo\u015bci.&nbsp;<\/p>\n\n\n\n<p><strong>CZEMU WJE\u017bD\u017bAJ\u0104C CAMPEREM MUSZ\u0118 MIE\u0106 BILET NA CAMPERA ORAZ BILET NA POLE NAMIOTOWE?<\/strong><\/p>\n\n\n\n<p>Bilet na campera dotyczy pojazdu. Umo\u017cliwia wjazd na pole dla camper\u00f3w.&nbsp;<\/p>\n\n\n\n<p>Bilet na pole namiotowe dotyczy jednej osoby. W ramach biletu jest bezp\u0142atny dost\u0119p do og\u00f3lnodost\u0119pnych prysznic\u00f3w, punktu \u0142adowania telefon\u00f3w, porannej gor\u0105cej kawy czy herbaty. Dlatego te\u017c ka\u017cda osoba \u015bpi\u0105ca w camperze musi mie\u0107 swoj\u0105 opask\u0119 na pole namiotowe.<\/p>\n\n\n\n<p><strong>CZY MOG\u0118 WJECHA\u0106 SAMOCHODEM NA POLE NAMIOTOWE?<\/strong><\/p>\n\n\n\n<p>Nie. Samoch\u00f3d musisz pozostawi\u0107 poza terenem festiwalu lub wykupi\u0107 miejsce parkingowe na parkingu wewn\u0119trznym.&nbsp;<\/p>\n\n\n\n<p><strong>OD KIEDY MO\u017bNA POJAWI\u0106 SI\u0118 NA POLU NAMIOTOWYM?<\/strong><\/p>\n\n\n\n<p>Uczestnicy festiwalu mog\u0105 zameldowa\u0107 si\u0119 na polu namiotowym ju\u017c 3 wrze\u015bnia 2025 r. ALE JEDYNIE w godzinach 15:00 \u2013 21:00. P\u00f3\u017aniej teren jest ZAMYKANY. Nie ma wyj\u0105tk\u00f3w od tej zasady.<\/p>\n\n\n\n<p>Dziennikarzy i fotograf\u00f3w zapraszamy od czwartku od godziny 10:00.&nbsp;<\/p>\n\n\n\n<p><strong>W JAKICH GODZINACH B\u0118DZIE CZYNNA BRAMKA FESTIWALOWA?<\/strong><\/p>\n\n\n\n<p>W \u015brod\u0119 w godzinach 15:00 \u2013 21:00.&nbsp;<\/p>\n\n\n\n<p>W czwartek, pi\u0105tek i sobot\u0119 od godziny 10:00 do 24:00&nbsp;<\/p>\n\n\n\n<p><strong>CZY MOG\u0118 W PUNKCIE \u0141ADOWANIA TELEFON\u00d3W NA POLU NAMIOTOWYM POD\u0141ADOWA\u0106 POWERBANK?&nbsp;<\/strong><\/p>\n\n\n\n<p>Tak. G\u0142\u00f3wnie chodzi o to, by nie pod\u0142\u0105cza\u0107 tam urz\u0105dze\u0144 typu czajniki, pompki do materacy i tym podobnych. Nie wiemy w jakiej \u201ckondycji\u201d s\u0105 to urz\u0105dzenia i nie chcemy aby dosz\u0142o do spi\u0119cia czy zwarcia.&nbsp;<\/p>\n\n\n\n<p><strong>DLACZEGO POLE DLA CAMPER\u00d3W JEST PRZY PARKINGU WEWN\u0118TRZNYM?&nbsp;<\/strong><\/p>\n\n\n\n<p>Lokalizacja pola dla camper\u00f3w podyktowana jest przede wszystkim wzgl\u0119dami bezpiecze\u0144stwa. Ka\u017cdorazowo przed otrzymaniem zgody na organizacj\u0119 imprezy masowej zobligowani jeste\u015bmy jako organizatorzy, do otrzymania pozytywnych opinii Policji i Pa\u0144stwowej Sta\u017cy Po\u017carnej. Sugerowane nam rozwi\u0105zania przez ww s\u0142u\u017cby trafiaj\u0105 do wniosku o wydanie pozwolenia na imprez\u0119 masow\u0105 i znajduj\u0105 odzwierciedlenie w takim a nie innym projekcie terenu imprezy.&nbsp;<\/p>\n\n\n\n<p><strong>CZY NA TEREN FESTIWALU MOG\u0118 WEJ\u015a\u0106 Z PLECAKIEM \/ TOREBK\u0104 \/ NERK\u0104?<\/strong><\/p>\n\n\n\n<p>Tak. Ka\u017cdorazowo jednak ochrona b\u0119dzie prosi\u0142a Was o pokazanie zawarto\u015bci wy\u017cej wymienionych rzeczy.&nbsp;<\/p>\n\n\n\n<p><strong>CZY PO KONCERTACH ALBO NAD RANEM MO\u017bNA WYJ\u015a\u0106 POZA TEREN FESTIWALU PO JAK\u0104\u015a RZECZ Z AUTA, KT\u00d3RE ZNAJDUJE SI\u0118 POZA TERENEM FESTIWALU I WR\u00d3CI\u0106 NA POLE NAMIOTOWE?&nbsp;<\/strong><\/p>\n\n\n\n<p>Tak. Mo\u017cna. Przy wej\u015bciu na teren b\u0119dzie sta\u0142a ochrona i ka\u017cdorazowo rzeczy kt\u00f3re wnosicie na teren MOSiR b\u0119d\u0105 podlega\u0142y kontroli.&nbsp;<\/p>\n\n\n\n<p><strong>DLACZEGO NIE MA JESZCZE PE\u0141NEJ INFORMACJI O SIGNING SESSIONS?<\/strong><\/p>\n\n\n\n<p>Zdajemy sobie spraw\u0119 z tego, \u017ce chcieliby\u015bcie wiedzie\u0107 czyj\u0105 dyskografi\u0119 zabra\u0107 ze sob\u0105 do podpis\u00f3w \ud83d\ude42 Sami jeste\u015bmy fanami i wiemy jak to dzia\u0142a \ud83d\ude42&nbsp;<\/p>\n\n\n\n<p>Poinformujemy Was o potwierdzonych signing tak szybko jak tylko to mo\u017cliwe.<\/p>\n\n\n\n<p>Najcz\u0119\u015bciej dostajemy potwierdzenie na dzie\u0144\/dwa przed festiwalem lub nawet dopiero po pojawieniu si\u0119 zespo\u0142u na terenie festiwalu. Na decyzj\u0119 CZY i O KT\u00d3REJ ma wp\u0142yw wiele czynnik\u00f3w i nie zale\u017cy to od nas, tylko od zespo\u0142u i ich managementu.&nbsp;<\/p>\n\n\n\n<p><strong>CZY SCENA KRYPTA TAK JAK W ZESZ\u0141YM ROKU B\u0118DZIE KLIMATYZOWANA?<\/strong><\/p>\n\n\n\n<p>Tak. W tym roku r\u00f3wnie\u017c zamontujemy tam klimatyzacj\u0119 \ud83d\ude09&nbsp;<\/p>\n\n\n\n<p><strong>CZY MO\u017bNA WNIE\u015a\u0106 NA TEREN FESTIWALU APARAT FOTOGRAFICZNY Z WYMIENN\u0104 OPTYK\u0104?<\/strong><\/p>\n\n\n\n<p>Tak. Na teren festiwalu mo\u017cecie wnosi\u0107 aparaty fotograficzne i robi\u0107 zdj\u0119cia.<\/p>\n\n\n\n<p>Na terenie imprezy, w czasie jej trwania obowi\u0105zuje jednak zakaz filmowania sprz\u0119tem profesjonalnym.<\/p>\n\n\n\n<p><strong>CZY NA TERENIE IMPREZY ZNAJDUJE SI\u0118 MIEJSCE, W KT\u00d3RYM MO\u017bNA ZOSTAWI\u0106 ROWER?<\/strong><\/p>\n\n\n\n<p>Tak. Takie miejsce znajdziecie ko\u0142o budynku, w kt\u00f3rym znajduje si\u0119 druga scena.&nbsp;<\/p>\n\n\n\n<p>Pami\u0119tajcie jednak o tym aby zabezpieczy\u0107 rower zapi\u0119ciem\/blokad\u0105.<\/p>\n\n\n\n<p><strong>CZY MO\u017bNA ZAM\u00d3WI\u0106\/KUPI\u0106 KOSZULKI I GAD\u017bETY Z POPRZEDNICH EDYCJI<\/strong><\/p>\n\n\n\n<p>Na chwil\u0119 obecn\u0105 nie prowadzimy sprzeda\u017cy internetowej merchu czy gad\u017cet\u00f3w festiwalowych. Je\u015bli cokolwiek zostaje nam z poprzednich edycji, mo\u017cecie to znale\u017a\u0107 na naszym stoisku merchowym w kolejnym roku.&nbsp;<\/p>\n","protected":false},"excerpt":{"rendered":"<p>CZY TRZEBA KUPI\u0106 BILET DLA DZIECKA? Dzieci do trzynastego roku \u017cycia wchodz\u0105 bez biletu, pod opiek\u0105 doros\u0142ego posiadaj\u0105cego bilet.&nbsp; CZY MO\u017bNA ZWR\u00d3CI\u0106 BILET? Nie. Dystrybucj\u0105 bilet\u00f3w zajmuje si\u0119 bileteria e-bilet, kt\u00f3ra nie przewiduje takiej mo\u017cliwo\u015bci.&nbsp; CZEMU WJE\u017bD\u017bAJ\u0104C CAMPEREM MUSZ\u0118 MIE\u0106 BILET NA CAMPERA ORAZ BILET&#8230;<\/p>\n","protected":false},"author":1,"featured_media":0,"parent":0,"menu_order":0,"comment_status":"closed","ping_status":"closed","template":"","meta":{"footnotes":""},"class_list":["post-505","page","type-page","status-publish","hentry"],"_links":{"self":[{"href":"https:\/\/summerdyingloud.pl\/index.php\/wp-json\/wp\/v2\/pages\/505","targetHints":{"allow":["GET"]}}],"collection":[{"href":"https:\/\/summerdyingloud.pl\/index.php\/wp-json\/wp\/v2\/pages"}],"about":[{"href":"https:\/\/summerdyingloud.pl\/index.php\/wp-json\/wp\/v2\/types\/page"}],"author":[{"embeddable":true,"href":"https:\/\/summerdyingloud.pl\/index.php\/wp-json\/wp\/v2\/users\/1"}],"replies":[{"embeddable":true,"href":"https:\/\/summerdyingloud.pl\/index.php\/wp-json\/wp\/v2\/comments?post=505"}],"version-history":[{"count":1,"href":"https:\/\/summerdyingloud.pl\/index.php\/wp-json\/wp\/v2\/pages\/505\/revisions"}],"predecessor-version":[{"id":507,"href":"https:\/\/summerdyingloud.pl\/index.php\/wp-json\/wp\/v2\/pages\/505\/revisions\/507"}],"wp:attachment":[{"href":"https:\/\/summerdyingloud.pl\/index.php\/wp-json\/wp\/v2\/media?parent=505"}],"curies":[{"name":"wp","href":"https:\/\/api.w.org\/{rel}","templated":true}]}}