{"id":222,"date":"2024-09-03T17:49:57","date_gmt":"2024-09-03T15:49:57","guid":{"rendered":"https:\/\/summerdyingloud.pl\/?page_id=222"},"modified":"2025-08-27T15:35:42","modified_gmt":"2025-08-27T13:35:42","slug":"partner","status":"publish","type":"page","link":"https:\/\/summerdyingloud.pl\/index.php\/partner\/","title":{"rendered":"Partner"},"content":{"rendered":"\n<div style=\"height:100px\" aria-hidden=\"true\" class=\"wp-block-spacer\"><\/div>\n\n\n<div class=\"wp-block-image\">\n<figure class=\"aligncenter size-large\"><img loading=\"lazy\" decoding=\"async\" width=\"1024\" height=\"362\" src=\"https:\/\/summerdyingloud.pl\/wp-content\/uploads\/2025\/08\/LOGO_LODZKIE_URZAD_MARSZALKOWSKI_KOLOR_Obszar-roboczy-1-1024x362.jpg\" alt=\"\" class=\"wp-image-499\" srcset=\"https:\/\/summerdyingloud.pl\/wp-content\/uploads\/2025\/08\/LOGO_LODZKIE_URZAD_MARSZALKOWSKI_KOLOR_Obszar-roboczy-1-1024x362.jpg 1024w, https:\/\/summerdyingloud.pl\/wp-content\/uploads\/2025\/08\/LOGO_LODZKIE_URZAD_MARSZALKOWSKI_KOLOR_Obszar-roboczy-1-300x106.jpg 300w, https:\/\/summerdyingloud.pl\/wp-content\/uploads\/2025\/08\/LOGO_LODZKIE_URZAD_MARSZALKOWSKI_KOLOR_Obszar-roboczy-1-768x271.jpg 768w, https:\/\/summerdyingloud.pl\/wp-content\/uploads\/2025\/08\/LOGO_LODZKIE_URZAD_MARSZALKOWSKI_KOLOR_Obszar-roboczy-1.jpg 1367w\" sizes=\"auto, (max-width: 1024px) 100vw, 1024px\" \/><\/figure>\n<\/div>\n\n\n<p class=\"has-text-align-center\">Partnerem Wydarzenia jest Wojew\u00f3dztwo \u0141\u00f3dzkie <\/p>\n","protected":false},"excerpt":{"rendered":"<p>Partnerem Wydarzenia jest Wojew\u00f3dztwo \u0141\u00f3dzkie<\/p>\n","protected":false},"author":1,"featured_media":0,"parent":0,"menu_order":0,"comment_status":"closed","ping_status":"closed","template":"","meta":{"footnotes":""},"class_list":["post-222","page","type-page","status-publish","hentry"],"_links":{"self":[{"href":"https:\/\/summerdyingloud.pl\/index.php\/wp-json\/wp\/v2\/pages\/222","targetHints":{"allow":["GET"]}}],"collection":[{"href":"https:\/\/summerdyingloud.pl\/index.php\/wp-json\/wp\/v2\/pages"}],"about":[{"href":"https:\/\/summerdyingloud.pl\/index.php\/wp-json\/wp\/v2\/types\/page"}],"author":[{"embeddable":true,"href":"https:\/\/summerdyingloud.pl\/index.php\/wp-json\/wp\/v2\/users\/1"}],"replies":[{"embeddable":true,"href":"https:\/\/summerdyingloud.pl\/index.php\/wp-json\/wp\/v2\/comments?post=222"}],"version-history":[{"count":8,"href":"https:\/\/summerdyingloud.pl\/index.php\/wp-json\/wp\/v2\/pages\/222\/revisions"}],"predecessor-version":[{"id":503,"href":"https:\/\/summerdyingloud.pl\/index.php\/wp-json\/wp\/v2\/pages\/222\/revisions\/503"}],"wp:attachment":[{"href":"https:\/\/summerdyingloud.pl\/index.php\/wp-json\/wp\/v2\/media?parent=222"}],"curies":[{"name":"wp","href":"https:\/\/api.w.org\/{rel}","templated":true}]}}