{"id":198,"date":"2024-08-01T10:05:52","date_gmt":"2024-08-01T08:05:52","guid":{"rendered":"https:\/\/summerdyingloud.pl\/?page_id=198"},"modified":"2025-09-02T17:33:55","modified_gmt":"2025-09-02T15:33:55","slug":"regulaminy","status":"publish","type":"page","link":"https:\/\/summerdyingloud.pl\/index.php\/regulaminy\/","title":{"rendered":"Regulaminy"},"content":{"rendered":"\n<div class=\"wp-block-file\"><a id=\"wp-block-file--media-e9728b0f-3281-414f-8408-149e645b6e33\" href=\"https:\/\/summerdyingloud.pl\/wp-content\/uploads\/2025\/06\/Regulamin-imprezy-SDL-2025-2.pdf\" target=\"_blank\" rel=\"noreferrer noopener\"><strong>REGULAMIN IMPREZY<\/strong><\/a><a href=\"https:\/\/summerdyingloud.pl\/wp-content\/uploads\/2025\/06\/Regulamin-imprezy-SDL-2025-2.pdf\" class=\"wp-block-file__button wp-element-button\" download aria-describedby=\"wp-block-file--media-e9728b0f-3281-414f-8408-149e645b6e33\">Pobierz<\/a><\/div>\n\n\n\n<div style=\"height:100px\" aria-hidden=\"true\" class=\"wp-block-spacer\"><\/div>\n\n\n\n<div class=\"wp-block-file\"><a id=\"wp-block-file--media-5b71aff1-e4aa-4e9f-8035-3d884adf5230\" href=\"https:\/\/summerdyingloud.pl\/wp-content\/uploads\/2025\/08\/REGULAMIN-PARKINGU-NIESTRZEZONEGO1.pdf\" target=\"_blank\" rel=\"noreferrer noopener\">REGULAMIN PARKINGU NIESTRZE\u017bONEGO<\/a><a href=\"https:\/\/summerdyingloud.pl\/wp-content\/uploads\/2025\/08\/REGULAMIN-PARKINGU-NIESTRZEZONEGO1.pdf\" class=\"wp-block-file__button wp-element-button\" download aria-describedby=\"wp-block-file--media-5b71aff1-e4aa-4e9f-8035-3d884adf5230\">Pobierz<\/a><\/div>\n\n\n\n<div style=\"height:100px\" aria-hidden=\"true\" class=\"wp-block-spacer\"><\/div>\n\n\n\n<div class=\"wp-block-file\"><a id=\"wp-block-file--media-5d41dee8-155e-4847-bc94-b7ee00d159de\" href=\"https:\/\/summerdyingloud.pl\/wp-content\/uploads\/2025\/08\/REGULAMIN-POLA-NAMIOTOWEGO-1.pdf\" target=\"_blank\" rel=\"noreferrer noopener\">REGULAMIN POLA NAMIOTOWEGO<\/a><a href=\"https:\/\/summerdyingloud.pl\/wp-content\/uploads\/2025\/08\/REGULAMIN-POLA-NAMIOTOWEGO-1.pdf\" class=\"wp-block-file__button wp-element-button\" download aria-describedby=\"wp-block-file--media-5d41dee8-155e-4847-bc94-b7ee00d159de\">Pobierz<\/a><\/div>\n\n\n\n<div style=\"height:100px\" aria-hidden=\"true\" class=\"wp-block-spacer\"><\/div>\n\n\n\n<div class=\"wp-block-file\"><a id=\"wp-block-file--media-6daafceb-b0b3-4d07-bfe8-3727267a1a59\" href=\"https:\/\/summerdyingloud.pl\/wp-content\/uploads\/2025\/08\/REGULAMIN-POLA-DLA-CAMPEROW-1.pdf\" target=\"_blank\" rel=\"noreferrer noopener\">REGULAMIN POLA DLA CAMPER\u00d3W<\/a><a href=\"https:\/\/summerdyingloud.pl\/wp-content\/uploads\/2025\/08\/REGULAMIN-POLA-DLA-CAMPEROW-1.pdf\" class=\"wp-block-file__button wp-element-button\" download aria-describedby=\"wp-block-file--media-6daafceb-b0b3-4d07-bfe8-3727267a1a59\">Pobierz<\/a><\/div>\n\n\n\n<div style=\"height:100px\" aria-hidden=\"true\" class=\"wp-block-spacer\"><\/div>\n\n\n\n<div class=\"wp-block-file\"><a id=\"wp-block-file--media-1d0ecd6b-cd99-49ef-ab43-b3b60e5f228a\" href=\"https:\/\/summerdyingloud.pl\/wp-content\/uploads\/2025\/06\/OSWIADCZENIE-RODZICA-SDL-2025.doc\" target=\"_blank\" rel=\"noreferrer noopener\"><strong>O\u015aWIADCZENIE RODZICA<\/strong><\/a><a href=\"https:\/\/summerdyingloud.pl\/wp-content\/uploads\/2025\/06\/OSWIADCZENIE-RODZICA-SDL-2025.doc\" class=\"wp-block-file__button wp-element-button\" download aria-describedby=\"wp-block-file--media-1d0ecd6b-cd99-49ef-ab43-b3b60e5f228a\">Pobierz<\/a><\/div>\n\n\n\n<p><\/p>\n\n\n\n<div class=\"wp-block-file\"><a id=\"wp-block-file--media-896fe94e-0aaa-41d1-b9a3-bd2ead2c1305\" href=\"https:\/\/summerdyingloud.pl\/wp-content\/uploads\/2025\/09\/regulamin-depozytu.pdf\">REGULAMIN DEPOZYTU<\/a><a href=\"https:\/\/summerdyingloud.pl\/wp-content\/uploads\/2025\/09\/regulamin-depozytu.pdf\" class=\"wp-block-file__button wp-element-button\" download aria-describedby=\"wp-block-file--media-896fe94e-0aaa-41d1-b9a3-bd2ead2c1305\">Pobierz<\/a><\/div>\n","protected":false},"excerpt":{"rendered":"REGULAMIN IMPREZYPobierz REGULAMIN PARKINGU NIESTRZE\u017bONEGOPobierz REGULAMIN POLA NAMIOTOWEGOPobierz REGULAMIN POLA DLA CAMPER\u00d3WPobierz O\u015aWIADCZENIE RODZICAPobierz REGULAMIN DEPOZYTUPobierz","protected":false},"author":1,"featured_media":0,"parent":0,"menu_order":0,"comment_status":"closed","ping_status":"closed","template":"","meta":{"footnotes":""},"class_list":["post-198","page","type-page","status-publish","hentry"],"_links":{"self":[{"href":"https:\/\/summerdyingloud.pl\/index.php\/wp-json\/wp\/v2\/pages\/198","targetHints":{"allow":["GET"]}}],"collection":[{"href":"https:\/\/summerdyingloud.pl\/index.php\/wp-json\/wp\/v2\/pages"}],"about":[{"href":"https:\/\/summerdyingloud.pl\/index.php\/wp-json\/wp\/v2\/types\/page"}],"author":[{"embeddable":true,"href":"https:\/\/summerdyingloud.pl\/index.php\/wp-json\/wp\/v2\/users\/1"}],"replies":[{"embeddable":true,"href":"https:\/\/summerdyingloud.pl\/index.php\/wp-json\/wp\/v2\/comments?post=198"}],"version-history":[{"count":16,"href":"https:\/\/summerdyingloud.pl\/index.php\/wp-json\/wp\/v2\/pages\/198\/revisions"}],"predecessor-version":[{"id":514,"href":"https:\/\/summerdyingloud.pl\/index.php\/wp-json\/wp\/v2\/pages\/198\/revisions\/514"}],"wp:attachment":[{"href":"https:\/\/summerdyingloud.pl\/index.php\/wp-json\/wp\/v2\/media?parent=198"}],"curies":[{"name":"wp","href":"https:\/\/api.w.org\/{rel}","templated":true}]}}